{"id":10325,"date":"2022-09-05T14:56:04","date_gmt":"2022-09-05T19:56:04","guid":{"rendered":"http:\/\/jmgestioninformatica.com\/rangelrehabilitacion\/?page_id=10325"},"modified":"2022-09-17T15:06:19","modified_gmt":"2022-09-17T20:06:19","slug":"programa-de-estimulacion-habilitacion-y-rehabilitacion-para-poblacion-infantil","status":"publish","type":"page","link":"https:\/\/jmgestioninformatica.com\/rangelrehabilitacion\/modelos-de-atencion\/programa-de-estimulacion-habilitacion-y-rehabilitacion-para-poblacion-infantil\/","title":{"rendered":"Programa de estimulaci\u00f3n, habilitaci\u00f3n y rehabilitaci\u00f3n para poblaci\u00f3n infantil"},"content":{"rendered":"","protected":false},"excerpt":{"rendered":"","protected":false},"author":1,"featured_media":0,"parent":10001,"menu_order":0,"comment_status":"closed","ping_status":"closed","template":"","meta":{"_eb_attr":"","footnotes":""},"class_list":["post-10325","page","type-page","status-publish","hentry"],"_links":{"self":[{"href":"https:\/\/jmgestioninformatica.com\/rangelrehabilitacion\/wp-json\/wp\/v2\/pages\/10325","targetHints":{"allow":["GET"]}}],"collection":[{"href":"https:\/\/jmgestioninformatica.com\/rangelrehabilitacion\/wp-json\/wp\/v2\/pages"}],"about":[{"href":"https:\/\/jmgestioninformatica.com\/rangelrehabilitacion\/wp-json\/wp\/v2\/types\/page"}],"author":[{"embeddable":true,"href":"https:\/\/jmgestioninformatica.com\/rangelrehabilitacion\/wp-json\/wp\/v2\/users\/1"}],"replies":[{"embeddable":true,"href":"https:\/\/jmgestioninformatica.com\/rangelrehabilitacion\/wp-json\/wp\/v2\/comments?post=10325"}],"version-history":[{"count":5,"href":"https:\/\/jmgestioninformatica.com\/rangelrehabilitacion\/wp-json\/wp\/v2\/pages\/10325\/revisions"}],"predecessor-version":[{"id":11326,"href":"https:\/\/jmgestioninformatica.com\/rangelrehabilitacion\/wp-json\/wp\/v2\/pages\/10325\/revisions\/11326"}],"up":[{"embeddable":true,"href":"https:\/\/jmgestioninformatica.com\/rangelrehabilitacion\/wp-json\/wp\/v2\/pages\/10001"}],"wp:attachment":[{"href":"https:\/\/jmgestioninformatica.com\/rangelrehabilitacion\/wp-json\/wp\/v2\/media?parent=10325"}],"curies":[{"name":"wp","href":"https:\/\/api.w.org\/{rel}","templated":true}]}}